{"id":954,"date":"2015-04-01T21:02:50","date_gmt":"2015-04-01T20:02:50","guid":{"rendered":"http:\/\/touraplat.velocanauxdodo.fr\/?page_id=954"},"modified":"2015-04-02T06:27:25","modified_gmt":"2015-04-02T05:27:25","slug":"le-tour-de-france-a-plat-de-martine-et-herve","status":"publish","type":"page","link":"https:\/\/touraplat.velocanauxdodo.fr\/?page_id=954","title":{"rendered":"Le tour de france \u00e0 plat de Martine et Herv\u00e9"},"content":{"rendered":"<p><a href=\"http:\/\/envelo-aufildeleau.blogspot.fr\/\" target=\"_blank\"><img loading=\"lazy\" decoding=\"async\" class=\"alignright size-full wp-image-990\" src=\"http:\/\/touraplat.velocanauxdodo.fr\/wp-content\/uploads\/martine.jpg\" alt=\"Martine &amp; Herv\u00e9\" width=\"336\" height=\"350\" srcset=\"https:\/\/touraplat.velocanauxdodo.fr\/wp-content\/uploads\/martine.jpg 336w, https:\/\/touraplat.velocanauxdodo.fr\/wp-content\/uploads\/martine-288x300.jpg 288w\" sizes=\"auto, (max-width: 336px) 100vw, 336px\" \/><\/a>En octobre 2013, peu de temps avant mon d\u00e9part en retraite je suis tomb\u00e9 en cherchant des id\u00e9es de balades en v\u00e9lo et un peu par hasard sur le site http:\/\/touraplat.velocanauxdodo.fr\/ (et\u00a0 http:\/\/www.velocanauxdodo.fr\/), et je me suis dit \u00a0voil\u00e0 une id\u00e9e int\u00e9ressante et pourquoi ne pas tenter la m\u00eame exp\u00e9rience!<\/p>\n<p>Ensuite je vous passe les d\u00e9tails mais apr\u00e8s six mois de pr\u00e9paratifs de l\u2019itin\u00e9raire et de discussions \u00ab\u00a0anim\u00e9es\u00a0\u00bb pour convaincre Martine de la faisabilit\u00e9 du projet nous sommes partis un matin d\u2019avril plus ou moins persuad\u00e9s (ainsi que quasiment l\u2019ensemble de nos relations et familles) que nous serions de retour apr\u00e8s quatre ou cinq jours. Je dois pr\u00e9ciser que nos exp\u00e9riences en v\u00e9lo se limitaient \u00e0 des balades occasionnelles de dix \u00e0 cinquante kms le week-end, et \u00e9galement nous avions suivi le canal du midi il y a quelques ann\u00e9es de Toulouse \u00e0 Marseillan. Nous avons donc nous aussi exp\u00e9riment\u00e9 le concept de \u00ab\u00a0Tour de France \u00e0 plat\u00a0\u00bb. Relativisons\u00a0: pour l\u2019aspect \u00ab\u00a0Tour de France\u00a0\u00bb, il faut plut\u00f4t parler en ce qui nous concerne d\u2019une grande boucle de 3300 kms Paris-Paris par le sud. Et pour l\u2019aspect \u00ab\u00a0\u00e0 plat\u00a0\u00bb (c\u2019est \u00e0 dire avec un minimum de d\u00e9nivel\u00e9) il ne faut pas s\u2019attendre \u00e0 une pure promenade de sant\u00e9, il y a quand m\u00eame quelques c\u00f4tes plus ou moins longues \u00e0 franchir sur l\u2019itin\u00e9raire, mais dans le pire des cas elles sont toujours suffisamment courtes pour pouvoir \u00eatre gravies \u00e0 pied si besoin (toujours en ce qui nous concerne une partie de ces cotes \u00e9taient dues \u00e0 des itin\u00e9raires de contournement emprunt\u00e9s \u00e0 cause de berges de rivi\u00e8res ou canaux rendues impraticables par la pluie ou de r\u00e9centes inondations).<\/p>\n<p>Pour l\u2019itin\u00e9raire que nous avons suivi, vous pouvez retrouver tous les d\u00e9tails des \u00e9tapes sur notre <a href=\"http:\/\/envelo-aufildeleau.blogspot.fr\/\" target=\"_blank\">blog<\/a> , mais en synth\u00e8se nous avons parcouru\u00a0: La Seine jusque Montereau \/ L\u2019Yonne jusque Migennes \/ Le canal de Bourgogne de bout en bout \/ La Sa\u00f4ne jusque Lyon \/ Le Rh\u00f4ne jusque Arles \/ La Camargue jusque Aigues Mortes \/ La c\u00f4te m\u00e9diterran\u00e9enne jusque Marseillan \/\u00a0 Le canal du midi jusque Toulouse \/ Le canal de la Garonne jusque La R\u00e9ole \/ La piste Roger Lap\u00e9bie jusque Bordeaux \/ Les pistes des landes jusqu\u2019au bassin d\u2019Arcachon \/ La c\u00f4te Atlantique (itin\u00e9raire V\u00e9lodyss\u00e9e) jusque St Brevin les Pins (via le bac du Verdon et avec des incursions sur les iles d\u2019Ol\u00e9ron et Noirmoutier) \/ La Loire jusque Orl\u00e9ans \/ Le canal d\u2019Orl\u00e9ans jusque Buges \/ Le Canal du Loing jusque Moret sur Loing \/ La Seine jusque Paris.<\/p>\n<p>Nous avons effectu\u00e9s ce parcours en trois tron\u00e7ons d\u2019environ 1000 kms, entrecoup\u00e9s de retour en train (sans les v\u00e9los) \u00e0 la maison pour quelques semaines.<\/p>\n<p>Que dire de plus, nous pensons que tout le monde peut plus ou moins tenter l\u2019exp\u00e9rience, mais il faut tout de m\u00eame un peu de t\u00e9nacit\u00e9 car il y a des journ\u00e9es assez d\u00e9courageantes: fatigue, petits p\u00e9pins de sant\u00e9, pluie, vent de face, crevaisons et o\u00f9 on a envie de tout abandonner. Autre point \u00e0 ne pas n\u00e9gliger le budget n\u00e9cessaire pour passer trois mois en v\u00e9lo. Il d\u00e9pend \u00e9videmment du style de vie qu\u2019on est capable d\u2019accepter pour les repas et surtout pour l\u2019h\u00e9bergement. Le camping dans une petite tente de randonn\u00e9e, que nous avions envisag\u00e9 au d\u00e9part un jour sur deux s\u2019est r\u00e9tr\u00e9ci comme peau de chagrin au profit de chambres d\u2019h\u00f4te ou d\u2019h\u00f4tel (m\u00e9t\u00e9o souvent mauvaise \u00a0et des habitudes de confort tenaces). Hors saison on peut \u00e9galement trouver dans les campings des tentes am\u00e9nag\u00e9es ou petits mobile-home pour un prix de nuit\u00e9e raisonnable. Attention \u00e9galement \u00e0 toujours faire les courses pour la boisson et la nourriture de la journ\u00e9e le matin, d\u00e8s qu\u2019on trouve un commerce, car la France est un d\u00e9sert pour le petit commerce.<\/p>\n<p>Si vous souhaitez plus d\u2019informations vous pouvez consulter le <a href=\"http:\/\/envelo-aufildeleau.blogspot.fr\/\" target=\"_blank\">blog<\/a> ou nous contacter sur herve251g@gmail.com<\/p>\n<p>Martine et Herv\u00e9<\/p>\n<p><!-- index.php -->\n<div\n\tclass=\"ngg-galleryoverview\n\t ngg-ajax-pagination-none\t\"\n\tid=\"ngg-gallery-0446a3f6eaaf1085181003be0251d2db-1\">\n\n\t\t\t<!-- Thumbnails -->\n\t\t\t\t<div id=\"ngg-image-0\" class=\"ngg-gallery-thumbnail-box\" \n\t\t\t\t\t\t\t\t\t\t\t>\n\t\t\t\t\t\t<div class=\"ngg-gallery-thumbnail\">\n\t\t\t<a href=\"https:\/\/touraplat.velocanauxdodo.fr\/wp-content\/gallery\/martineherve\/P1030710-1.JPG\"\n\t\t\t\ttitle=\"\"\n\t\t\t\tdata-src=\"https:\/\/touraplat.velocanauxdodo.fr\/wp-content\/gallery\/martineherve\/P1030710-1.JPG\"\n\t\t\t\tdata-thumbnail=\"https:\/\/touraplat.velocanauxdodo.fr\/wp-content\/gallery\/martineherve\/thumbs\/thumbs_P1030710-1.JPG\"\n\t\t\t\tdata-image-id=\"252\"\n\t\t\t\tdata-title=\"P1030710.JPG\"\n\t\t\t\tdata-description=\"\"\n\t\t\t\tdata-image-slug=\"p1030710-jpg-1\"\n\t\t\t\tclass=\"shutterset_0446a3f6eaaf1085181003be0251d2db\">\n\t\t\t\t<img\n\t\t\t\t\ttitle=\"P1030710.JPG\"\n\t\t\t\t\talt=\"P1030710.JPG\"\n\t\t\t\t\tsrc=\"https:\/\/touraplat.velocanauxdodo.fr\/wp-content\/gallery\/martineherve\/cache\/P1030710-1.JPG-nggid03252-ngg0dyn-300x200x100-00f0w010c011r110f110r010t010.JPG\"\n\t\t\t\t\twidth=\"300\"\n\t\t\t\t\theight=\"200\"\n\t\t\t\t\tstyle=\"max-width:100%;\"\n\t\t\t\t\/>\n\t\t\t<\/a>\n\t\t<\/div>\n\t\t\t\t\t\t\t<\/div> \n\t\t\t\n\t\t\n\t\t\t\t<div id=\"ngg-image-1\" class=\"ngg-gallery-thumbnail-box\" \n\t\t\t\t\t\t\t\t\t\t\t>\n\t\t\t\t\t\t<div class=\"ngg-gallery-thumbnail\">\n\t\t\t<a href=\"https:\/\/touraplat.velocanauxdodo.fr\/wp-content\/gallery\/martineherve\/P1030728.JPG\"\n\t\t\t\ttitle=\"\"\n\t\t\t\tdata-src=\"https:\/\/touraplat.velocanauxdodo.fr\/wp-content\/gallery\/martineherve\/P1030728.JPG\"\n\t\t\t\tdata-thumbnail=\"https:\/\/touraplat.velocanauxdodo.fr\/wp-content\/gallery\/martineherve\/thumbs\/thumbs_P1030728.JPG\"\n\t\t\t\tdata-image-id=\"253\"\n\t\t\t\tdata-title=\"P1030728.JPG\"\n\t\t\t\tdata-description=\"\"\n\t\t\t\tdata-image-slug=\"p1030728-jpg\"\n\t\t\t\tclass=\"shutterset_0446a3f6eaaf1085181003be0251d2db\">\n\t\t\t\t<img\n\t\t\t\t\ttitle=\"P1030728.JPG\"\n\t\t\t\t\talt=\"P1030728.JPG\"\n\t\t\t\t\tsrc=\"https:\/\/touraplat.velocanauxdodo.fr\/wp-content\/gallery\/martineherve\/cache\/P1030728.JPG-nggid03253-ngg0dyn-300x200x100-00f0w010c011r110f110r010t010.JPG\"\n\t\t\t\t\twidth=\"300\"\n\t\t\t\t\theight=\"200\"\n\t\t\t\t\tstyle=\"max-width:100%;\"\n\t\t\t\t\/>\n\t\t\t<\/a>\n\t\t<\/div>\n\t\t\t\t\t\t\t<\/div> \n\t\t\t\n\t\t\n\t\t\t\t<div id=\"ngg-image-2\" class=\"ngg-gallery-thumbnail-box\" \n\t\t\t\t\t\t\t\t\t\t\t>\n\t\t\t\t\t\t<div class=\"ngg-gallery-thumbnail\">\n\t\t\t<a href=\"https:\/\/touraplat.velocanauxdodo.fr\/wp-content\/gallery\/martineherve\/P1030766.JPG\"\n\t\t\t\ttitle=\"\"\n\t\t\t\tdata-src=\"https:\/\/touraplat.velocanauxdodo.fr\/wp-content\/gallery\/martineherve\/P1030766.JPG\"\n\t\t\t\tdata-thumbnail=\"https:\/\/touraplat.velocanauxdodo.fr\/wp-content\/gallery\/martineherve\/thumbs\/thumbs_P1030766.JPG\"\n\t\t\t\tdata-image-id=\"254\"\n\t\t\t\tdata-title=\"P1030766.JPG\"\n\t\t\t\tdata-description=\"\"\n\t\t\t\tdata-image-slug=\"p1030766-jpg\"\n\t\t\t\tclass=\"shutterset_0446a3f6eaaf1085181003be0251d2db\">\n\t\t\t\t<img\n\t\t\t\t\ttitle=\"P1030766.JPG\"\n\t\t\t\t\talt=\"P1030766.JPG\"\n\t\t\t\t\tsrc=\"https:\/\/touraplat.velocanauxdodo.fr\/wp-content\/gallery\/martineherve\/cache\/P1030766.JPG-nggid03254-ngg0dyn-300x200x100-00f0w010c011r110f110r010t010.JPG\"\n\t\t\t\t\twidth=\"300\"\n\t\t\t\t\theight=\"200\"\n\t\t\t\t\tstyle=\"max-width:100%;\"\n\t\t\t\t\/>\n\t\t\t<\/a>\n\t\t<\/div>\n\t\t\t\t\t\t\t<\/div> \n\t\t\t\n\t\t\n\t\t\t\t<div id=\"ngg-image-3\" class=\"ngg-gallery-thumbnail-box\" \n\t\t\t\t\t\t\t\t\t\t\t>\n\t\t\t\t\t\t<div class=\"ngg-gallery-thumbnail\">\n\t\t\t<a href=\"https:\/\/touraplat.velocanauxdodo.fr\/wp-content\/gallery\/martineherve\/P1030830.JPG\"\n\t\t\t\ttitle=\"\"\n\t\t\t\tdata-src=\"https:\/\/touraplat.velocanauxdodo.fr\/wp-content\/gallery\/martineherve\/P1030830.JPG\"\n\t\t\t\tdata-thumbnail=\"https:\/\/touraplat.velocanauxdodo.fr\/wp-content\/gallery\/martineherve\/thumbs\/thumbs_P1030830.JPG\"\n\t\t\t\tdata-image-id=\"255\"\n\t\t\t\tdata-title=\"P1030830.JPG\"\n\t\t\t\tdata-description=\"\"\n\t\t\t\tdata-image-slug=\"p1030830-jpg\"\n\t\t\t\tclass=\"shutterset_0446a3f6eaaf1085181003be0251d2db\">\n\t\t\t\t<img\n\t\t\t\t\ttitle=\"P1030830.JPG\"\n\t\t\t\t\talt=\"P1030830.JPG\"\n\t\t\t\t\tsrc=\"https:\/\/touraplat.velocanauxdodo.fr\/wp-content\/gallery\/martineherve\/cache\/P1030830.JPG-nggid03255-ngg0dyn-300x200x100-00f0w010c011r110f110r010t010.JPG\"\n\t\t\t\t\twidth=\"300\"\n\t\t\t\t\theight=\"200\"\n\t\t\t\t\tstyle=\"max-width:100%;\"\n\t\t\t\t\/>\n\t\t\t<\/a>\n\t\t<\/div>\n\t\t\t\t\t\t\t<\/div> \n\t\t\t\n\t\t\n\t\t\t\t<div id=\"ngg-image-4\" class=\"ngg-gallery-thumbnail-box\" \n\t\t\t\t\t\t\t\t\t\t\t>\n\t\t\t\t\t\t<div class=\"ngg-gallery-thumbnail\">\n\t\t\t<a href=\"https:\/\/touraplat.velocanauxdodo.fr\/wp-content\/gallery\/martineherve\/P1030933.JPG\"\n\t\t\t\ttitle=\"\"\n\t\t\t\tdata-src=\"https:\/\/touraplat.velocanauxdodo.fr\/wp-content\/gallery\/martineherve\/P1030933.JPG\"\n\t\t\t\tdata-thumbnail=\"https:\/\/touraplat.velocanauxdodo.fr\/wp-content\/gallery\/martineherve\/thumbs\/thumbs_P1030933.JPG\"\n\t\t\t\tdata-image-id=\"256\"\n\t\t\t\tdata-title=\"P1030933.JPG\"\n\t\t\t\tdata-description=\"\"\n\t\t\t\tdata-image-slug=\"p1030933-jpg\"\n\t\t\t\tclass=\"shutterset_0446a3f6eaaf1085181003be0251d2db\">\n\t\t\t\t<img\n\t\t\t\t\ttitle=\"P1030933.JPG\"\n\t\t\t\t\talt=\"P1030933.JPG\"\n\t\t\t\t\tsrc=\"https:\/\/touraplat.velocanauxdodo.fr\/wp-content\/gallery\/martineherve\/cache\/P1030933.JPG-nggid03256-ngg0dyn-300x200x100-00f0w010c011r110f110r010t010.JPG\"\n\t\t\t\t\twidth=\"300\"\n\t\t\t\t\theight=\"200\"\n\t\t\t\t\tstyle=\"max-width:100%;\"\n\t\t\t\t\/>\n\t\t\t<\/a>\n\t\t<\/div>\n\t\t\t\t\t\t\t<\/div> \n\t\t\t\n\t\t\n\t\t\t\t<div id=\"ngg-image-5\" class=\"ngg-gallery-thumbnail-box\" \n\t\t\t\t\t\t\t\t\t\t\t>\n\t\t\t\t\t\t<div class=\"ngg-gallery-thumbnail\">\n\t\t\t<a href=\"https:\/\/touraplat.velocanauxdodo.fr\/wp-content\/gallery\/martineherve\/P1040024.JPG\"\n\t\t\t\ttitle=\"\"\n\t\t\t\tdata-src=\"https:\/\/touraplat.velocanauxdodo.fr\/wp-content\/gallery\/martineherve\/P1040024.JPG\"\n\t\t\t\tdata-thumbnail=\"https:\/\/touraplat.velocanauxdodo.fr\/wp-content\/gallery\/martineherve\/thumbs\/thumbs_P1040024.JPG\"\n\t\t\t\tdata-image-id=\"257\"\n\t\t\t\tdata-title=\"P1040024.JPG\"\n\t\t\t\tdata-description=\"\"\n\t\t\t\tdata-image-slug=\"p1040024-jpg\"\n\t\t\t\tclass=\"shutterset_0446a3f6eaaf1085181003be0251d2db\">\n\t\t\t\t<img\n\t\t\t\t\ttitle=\"P1040024.JPG\"\n\t\t\t\t\talt=\"P1040024.JPG\"\n\t\t\t\t\tsrc=\"https:\/\/touraplat.velocanauxdodo.fr\/wp-content\/gallery\/martineherve\/cache\/P1040024.JPG-nggid03257-ngg0dyn-300x200x100-00f0w010c011r110f110r010t010.JPG\"\n\t\t\t\t\twidth=\"300\"\n\t\t\t\t\theight=\"200\"\n\t\t\t\t\tstyle=\"max-width:100%;\"\n\t\t\t\t\/>\n\t\t\t<\/a>\n\t\t<\/div>\n\t\t\t\t\t\t\t<\/div> \n\t\t\t\n\t\t\n\t\t\t\t<div id=\"ngg-image-6\" class=\"ngg-gallery-thumbnail-box\" \n\t\t\t\t\t\t\t\t\t\t\t>\n\t\t\t\t\t\t<div class=\"ngg-gallery-thumbnail\">\n\t\t\t<a href=\"https:\/\/touraplat.velocanauxdodo.fr\/wp-content\/gallery\/martineherve\/P1040224.JPG\"\n\t\t\t\ttitle=\"\"\n\t\t\t\tdata-src=\"https:\/\/touraplat.velocanauxdodo.fr\/wp-content\/gallery\/martineherve\/P1040224.JPG\"\n\t\t\t\tdata-thumbnail=\"https:\/\/touraplat.velocanauxdodo.fr\/wp-content\/gallery\/martineherve\/thumbs\/thumbs_P1040224.JPG\"\n\t\t\t\tdata-image-id=\"258\"\n\t\t\t\tdata-title=\"P1040224.JPG\"\n\t\t\t\tdata-description=\"\"\n\t\t\t\tdata-image-slug=\"p1040224-jpg\"\n\t\t\t\tclass=\"shutterset_0446a3f6eaaf1085181003be0251d2db\">\n\t\t\t\t<img\n\t\t\t\t\ttitle=\"P1040224.JPG\"\n\t\t\t\t\talt=\"P1040224.JPG\"\n\t\t\t\t\tsrc=\"https:\/\/touraplat.velocanauxdodo.fr\/wp-content\/gallery\/martineherve\/cache\/P1040224.JPG-nggid03258-ngg0dyn-300x200x100-00f0w010c011r110f110r010t010.JPG\"\n\t\t\t\t\twidth=\"300\"\n\t\t\t\t\theight=\"200\"\n\t\t\t\t\tstyle=\"max-width:100%;\"\n\t\t\t\t\/>\n\t\t\t<\/a>\n\t\t<\/div>\n\t\t\t\t\t\t\t<\/div> \n\t\t\t\n\t\t\n\t\t\t\t<div id=\"ngg-image-7\" class=\"ngg-gallery-thumbnail-box\" \n\t\t\t\t\t\t\t\t\t\t\t>\n\t\t\t\t\t\t<div class=\"ngg-gallery-thumbnail\">\n\t\t\t<a href=\"https:\/\/touraplat.velocanauxdodo.fr\/wp-content\/gallery\/martineherve\/P1040263.JPG\"\n\t\t\t\ttitle=\"\"\n\t\t\t\tdata-src=\"https:\/\/touraplat.velocanauxdodo.fr\/wp-content\/gallery\/martineherve\/P1040263.JPG\"\n\t\t\t\tdata-thumbnail=\"https:\/\/touraplat.velocanauxdodo.fr\/wp-content\/gallery\/martineherve\/thumbs\/thumbs_P1040263.JPG\"\n\t\t\t\tdata-image-id=\"259\"\n\t\t\t\tdata-title=\"P1040263.JPG\"\n\t\t\t\tdata-description=\"\"\n\t\t\t\tdata-image-slug=\"p1040263-jpg\"\n\t\t\t\tclass=\"shutterset_0446a3f6eaaf1085181003be0251d2db\">\n\t\t\t\t<img\n\t\t\t\t\ttitle=\"P1040263.JPG\"\n\t\t\t\t\talt=\"P1040263.JPG\"\n\t\t\t\t\tsrc=\"https:\/\/touraplat.velocanauxdodo.fr\/wp-content\/gallery\/martineherve\/cache\/P1040263.JPG-nggid03259-ngg0dyn-300x200x100-00f0w010c011r110f110r010t010.JPG\"\n\t\t\t\t\twidth=\"300\"\n\t\t\t\t\theight=\"200\"\n\t\t\t\t\tstyle=\"max-width:100%;\"\n\t\t\t\t\/>\n\t\t\t<\/a>\n\t\t<\/div>\n\t\t\t\t\t\t\t<\/div> \n\t\t\t\n\t\t\n\t\t\t\t<div id=\"ngg-image-8\" class=\"ngg-gallery-thumbnail-box\" \n\t\t\t\t\t\t\t\t\t\t\t>\n\t\t\t\t\t\t<div class=\"ngg-gallery-thumbnail\">\n\t\t\t<a href=\"https:\/\/touraplat.velocanauxdodo.fr\/wp-content\/gallery\/martineherve\/P1040656.JPG\"\n\t\t\t\ttitle=\"\"\n\t\t\t\tdata-src=\"https:\/\/touraplat.velocanauxdodo.fr\/wp-content\/gallery\/martineherve\/P1040656.JPG\"\n\t\t\t\tdata-thumbnail=\"https:\/\/touraplat.velocanauxdodo.fr\/wp-content\/gallery\/martineherve\/thumbs\/thumbs_P1040656.JPG\"\n\t\t\t\tdata-image-id=\"260\"\n\t\t\t\tdata-title=\"P1040656.JPG\"\n\t\t\t\tdata-description=\"\"\n\t\t\t\tdata-image-slug=\"p1040656-jpg\"\n\t\t\t\tclass=\"shutterset_0446a3f6eaaf1085181003be0251d2db\">\n\t\t\t\t<img\n\t\t\t\t\ttitle=\"P1040656.JPG\"\n\t\t\t\t\talt=\"P1040656.JPG\"\n\t\t\t\t\tsrc=\"https:\/\/touraplat.velocanauxdodo.fr\/wp-content\/gallery\/martineherve\/cache\/P1040656.JPG-nggid03260-ngg0dyn-300x200x100-00f0w010c011r110f110r010t010.JPG\"\n\t\t\t\t\twidth=\"300\"\n\t\t\t\t\theight=\"200\"\n\t\t\t\t\tstyle=\"max-width:100%;\"\n\t\t\t\t\/>\n\t\t\t<\/a>\n\t\t<\/div>\n\t\t\t\t\t\t\t<\/div> \n\t\t\t\n\t\t\n\t\t\t\t<div id=\"ngg-image-9\" class=\"ngg-gallery-thumbnail-box\" \n\t\t\t\t\t\t\t\t\t\t\t>\n\t\t\t\t\t\t<div class=\"ngg-gallery-thumbnail\">\n\t\t\t<a href=\"https:\/\/touraplat.velocanauxdodo.fr\/wp-content\/gallery\/martineherve\/P1040832.JPG\"\n\t\t\t\ttitle=\"\"\n\t\t\t\tdata-src=\"https:\/\/touraplat.velocanauxdodo.fr\/wp-content\/gallery\/martineherve\/P1040832.JPG\"\n\t\t\t\tdata-thumbnail=\"https:\/\/touraplat.velocanauxdodo.fr\/wp-content\/gallery\/martineherve\/thumbs\/thumbs_P1040832.JPG\"\n\t\t\t\tdata-image-id=\"261\"\n\t\t\t\tdata-title=\"P1040832.JPG\"\n\t\t\t\tdata-description=\"\"\n\t\t\t\tdata-image-slug=\"p1040832-jpg\"\n\t\t\t\tclass=\"shutterset_0446a3f6eaaf1085181003be0251d2db\">\n\t\t\t\t<img\n\t\t\t\t\ttitle=\"P1040832.JPG\"\n\t\t\t\t\talt=\"P1040832.JPG\"\n\t\t\t\t\tsrc=\"https:\/\/touraplat.velocanauxdodo.fr\/wp-content\/gallery\/martineherve\/cache\/P1040832.JPG-nggid03261-ngg0dyn-300x200x100-00f0w010c011r110f110r010t010.JPG\"\n\t\t\t\t\twidth=\"300\"\n\t\t\t\t\theight=\"200\"\n\t\t\t\t\tstyle=\"max-width:100%;\"\n\t\t\t\t\/>\n\t\t\t<\/a>\n\t\t<\/div>\n\t\t\t\t\t\t\t<\/div> \n\t\t\t\n\t\t\n\t\t\n\t\t<!-- Pagination -->\n\t\t<div class='ngg-clear'><\/div>\t<\/div>\n<\/p>\n","protected":false},"excerpt":{"rendered":"<p>En octobre 2013, peu de temps avant mon d\u00e9part en retraite je suis tomb\u00e9 en cherchant des id\u00e9es de balades en v\u00e9lo et un peu par hasard sur le site http:\/\/touraplat.velocanauxdodo.fr\/ (et\u00a0 http:\/\/www.velocanauxdodo.fr\/), et je me suis dit \u00a0voil\u00e0 une id\u00e9e int\u00e9ressante et pourquoi ne pas tenter la m\u00eame exp\u00e9rience! Ensuite je vous passe les [&hellip;]<\/p>\n","protected":false},"author":1,"featured_media":0,"parent":949,"menu_order":0,"comment_status":"open","ping_status":"open","template":"","meta":{"ngg_post_thumbnail":0,"footnotes":""},"class_list":["post-954","page","type-page","status-publish","hentry"],"_links":{"self":[{"href":"https:\/\/touraplat.velocanauxdodo.fr\/index.php?rest_route=\/wp\/v2\/pages\/954","targetHints":{"allow":["GET"]}}],"collection":[{"href":"https:\/\/touraplat.velocanauxdodo.fr\/index.php?rest_route=\/wp\/v2\/pages"}],"about":[{"href":"https:\/\/touraplat.velocanauxdodo.fr\/index.php?rest_route=\/wp\/v2\/types\/page"}],"author":[{"embeddable":true,"href":"https:\/\/touraplat.velocanauxdodo.fr\/index.php?rest_route=\/wp\/v2\/users\/1"}],"replies":[{"embeddable":true,"href":"https:\/\/touraplat.velocanauxdodo.fr\/index.php?rest_route=%2Fwp%2Fv2%2Fcomments&post=954"}],"version-history":[{"count":11,"href":"https:\/\/touraplat.velocanauxdodo.fr\/index.php?rest_route=\/wp\/v2\/pages\/954\/revisions"}],"predecessor-version":[{"id":994,"href":"https:\/\/touraplat.velocanauxdodo.fr\/index.php?rest_route=\/wp\/v2\/pages\/954\/revisions\/994"}],"up":[{"embeddable":true,"href":"https:\/\/touraplat.velocanauxdodo.fr\/index.php?rest_route=\/wp\/v2\/pages\/949"}],"wp:attachment":[{"href":"https:\/\/touraplat.velocanauxdodo.fr\/index.php?rest_route=%2Fwp%2Fv2%2Fmedia&parent=954"}],"curies":[{"name":"wp","href":"https:\/\/api.w.org\/{rel}","templated":true}]}}