{"id":949,"date":"2015-04-01T20:55:36","date_gmt":"2015-04-01T19:55:36","guid":{"rendered":"http:\/\/touraplat.velocanauxdodo.fr\/?page_id=949"},"modified":"2015-04-02T06:02:18","modified_gmt":"2015-04-02T05:02:18","slug":"autres-galorbiplanocurseurs","status":"publish","type":"page","link":"https:\/\/touraplat.velocanauxdodo.fr\/?page_id=949","title":{"rendered":"Autres Galorbiplanocurseurs"},"content":{"rendered":"<p><span style=\"color: #800000;\"><strong>Galorbiplanocurseur<\/strong><\/span>: n\u00e9ologisme d&rsquo;origine latine: Gallia=France, orbis=tour, planus=plat et cursor=coureur<\/p>\n<p>L&rsquo;exp\u00e9rience vous tente?<\/p>\n<p>Retrouvez ici d&rsquo;autres v\u00e9locanauxrandodoneurs qui ont, eux aussi, r\u00e9alis\u00e9 un tour de France \u00e0 plat.<\/p>\n<p>A votre tour, lancez-vous &#8230;<\/p>\n<p>&#8230; Et quand vous aurez r\u00e9alis\u00e9 ce challenge,\u00a0faites-moi parvenir\u00a0un r\u00e9sum\u00e9, quelques photos et un lien vers votre site\/blog, \u00a0je me ferai un plaisir de les publier ici.<\/p>\n\n<!-- Page-list plugin v.5.7 wordpress.org\/plugins\/page-list\/ -->\n<ul class=\"page-list subpages-page-list \">\n<li class=\"page_item page-item-954\"><a href=\"https:\/\/touraplat.velocanauxdodo.fr\/?page_id=954\">Le tour de france \u00e0 plat de Martine et Herv\u00e9<\/a><\/li>\n\n<\/ul>\n<p>&nbsp;<\/p>\n","protected":false},"excerpt":{"rendered":"<p>Galorbiplanocurseur: n\u00e9ologisme d&rsquo;origine latine: Gallia=France, orbis=tour, planus=plat et cursor=coureur L&rsquo;exp\u00e9rience vous tente? Retrouvez ici d&rsquo;autres v\u00e9locanauxrandodoneurs qui ont, eux aussi, r\u00e9alis\u00e9 un tour de France \u00e0 plat. A votre tour, lancez-vous &#8230; &#8230; Et quand vous aurez r\u00e9alis\u00e9 ce challenge,\u00a0faites-moi parvenir\u00a0un r\u00e9sum\u00e9, quelques photos et un lien vers votre site\/blog, \u00a0je me ferai un plaisir [&hellip;]<\/p>\n","protected":false},"author":1,"featured_media":0,"parent":0,"menu_order":2,"comment_status":"open","ping_status":"closed","template":"","meta":{"ngg_post_thumbnail":0,"footnotes":""},"class_list":["post-949","page","type-page","status-publish","hentry"],"_links":{"self":[{"href":"https:\/\/touraplat.velocanauxdodo.fr\/index.php?rest_route=\/wp\/v2\/pages\/949","targetHints":{"allow":["GET"]}}],"collection":[{"href":"https:\/\/touraplat.velocanauxdodo.fr\/index.php?rest_route=\/wp\/v2\/pages"}],"about":[{"href":"https:\/\/touraplat.velocanauxdodo.fr\/index.php?rest_route=\/wp\/v2\/types\/page"}],"author":[{"embeddable":true,"href":"https:\/\/touraplat.velocanauxdodo.fr\/index.php?rest_route=\/wp\/v2\/users\/1"}],"replies":[{"embeddable":true,"href":"https:\/\/touraplat.velocanauxdodo.fr\/index.php?rest_route=%2Fwp%2Fv2%2Fcomments&post=949"}],"version-history":[{"count":5,"href":"https:\/\/touraplat.velocanauxdodo.fr\/index.php?rest_route=\/wp\/v2\/pages\/949\/revisions"}],"predecessor-version":[{"id":989,"href":"https:\/\/touraplat.velocanauxdodo.fr\/index.php?rest_route=\/wp\/v2\/pages\/949\/revisions\/989"}],"wp:attachment":[{"href":"https:\/\/touraplat.velocanauxdodo.fr\/index.php?rest_route=%2Fwp%2Fv2%2Fmedia&parent=949"}],"curies":[{"name":"wp","href":"https:\/\/api.w.org\/{rel}","templated":true}]}}