{"id":69,"date":"2012-03-06T07:55:06","date_gmt":"2012-03-06T06:55:06","guid":{"rendered":"http:\/\/touraplat.velocanauxdodo.fr\/?page_id=69"},"modified":"2015-04-01T20:38:35","modified_gmt":"2015-04-01T19:38:35","slug":"preparatifs","status":"publish","type":"page","link":"https:\/\/touraplat.velocanauxdodo.fr\/?page_id=69","title":{"rendered":"Pr\u00e9paratifs"},"content":{"rendered":"<h4>Faut pas se charger inutilement! L&rsquo;important, quand on part pour un long p\u00e9riple, est de rationnaliser son bagage et d&rsquo;optimiser ses \u00e9quipements.<\/h4>\n<p><img loading=\"lazy\" decoding=\"async\" class=\"aligncenter size-full wp-image-73\" title=\"pastropcharge2\" src=\"\/wp-content\/uploads\/pastropcharge2.jpg\" alt=\"\" width=\"640\" height=\"480\" srcset=\"https:\/\/touraplat.velocanauxdodo.fr\/wp-content\/uploads\/pastropcharge2.jpg 640w, https:\/\/touraplat.velocanauxdodo.fr\/wp-content\/uploads\/pastropcharge2-300x225.jpg 300w\" sizes=\"auto, (max-width: 640px) 100vw, 640px\" \/><\/p>\n<h3>Pour rouler<\/h3>\n<ul>\n<li>\u00a0Des v\u00e9los tout \u00e0 fait ordinaires: VTT Rockrider suspendu \u00e0 l&rsquo;avant pour \u2642 et Decathlon 7 suspendu total pour \u2640. Il est prudent avant de partir de faire une r\u00e9vison appronfondie des montures: pneus, tension des rayons et d\u00e9voilage \u00e9ventuel, usure de la chaine et des pignons, patins de frein,&#8230;<\/li>\n<li>Des sacoches (\u00e9tanches et facilement adaptables au porte bagage) back-roller Classic (Ortlieb) sur les 2 v\u00e9los et des front-roller Classic (avant) en plus pour \u2642. Sacs \u00e9tanches (25-35l) en plus sur le porte bagage. Sacoche de guidon pour le petit mat\u00e9riel (cape, appareil photo&#8230;), sacoche de selle pour une chambre de rechange et pour \u2642 une sacoche de cadre pour le matos de r\u00e9paration. Un (tr\u00e8s) petit sac \u00e0 dos pour le pr\u00e9cieux (papiers, argent&#8230;).<\/li>\n<\/ul>\n<h3>Pour manger<\/h3>\n<p>Pour les grandes bouffes et pour changer des nouilles il y aura bien s\u00fbr les copains qui nous accueilleront, les gargottes le long de la route et les tables d&rsquo;h\u00f4tes. Sinon, le stricte minimum pour faire chauffer de l&rsquo;eau pour le petit d\u00e8j et les quelques repas du soir que l&rsquo;on fera sous la tente: r\u00e9chaud camping-gaz (+ facile \u00e0 trouver des cartouches en France), 2 assiettes, 2 bols et 2 popotes, couverts. Les ingredients de base: caf\u00e9, sel et sucre et un tube de nutella pour remplacer le beurre sur les tartines. Le midi: casse croute.<\/p>\n<p>NB: faire ses courses au premier commerce trouv\u00e9! La France est un d\u00e9sert pour le petit commerce. Et avoir toujours dans son sac un sauciflard, une boite de sardine&#8230; \u00e7a d\u00e9panne.<\/p>\n<h3>Pour dormir<a href=\"\/wp-content\/uploads\/jametnewberry4000pop.gif\"><img loading=\"lazy\" decoding=\"async\" class=\"alignright size-medium wp-image-81\" title=\"jametnewberry4000pop\" src=\"\/wp-content\/uploads\/jametnewberry4000pop-300x273.gif\" alt=\"\" width=\"300\" height=\"273\" srcset=\"https:\/\/touraplat.velocanauxdodo.fr\/wp-content\/uploads\/jametnewberry4000pop-300x273.gif 300w, https:\/\/touraplat.velocanauxdodo.fr\/wp-content\/uploads\/jametnewberry4000pop.gif 355w\" sizes=\"auto, (max-width: 300px) 100vw, 300px\" \/><\/a><\/h3>\n<p>Quand on randonne une semaine, on privil\u00e9gie les chambres d&rsquo;h\u00f4tes (et table) pour l&rsquo;accueil, le contact avec les autochtones et le confort. Pour un p\u00e9riple de 6 semaines, le budget mais aussi le caract\u00e8re al\u00e9atoire des \u00e9tapes et la pr\u00e9sence incertaine, voire la disponibilit\u00e9\u00a0de ces h\u00e9bergements, il nous est n\u00e9cessaire de diversifier nos h\u00e9bergement (chambre d&rsquo;h\u00f4tes, gites d&rsquo;\u00e9tape, Cyclo Accueil Cyclo&#8230;)\u00a0et d&rsquo;\u00eatre autonome (camping). On emm\u00e8ne donc une tente l\u00e9g\u00e8re mais confortable de rando: Newberry 4000 de chez Jamet + matelas autogonflant + duvets l\u00e9gers + oreillers\/housse fabrication \u00ab\u00a0M\u00e9m\u00e9\u00a0\u00bb (Une housse en fourrure polaire qu&rsquo;on rempli de v\u00e9tement et qu&rsquo;on glisse dans une taie).<\/p>\n<h3>Pour s&rsquo;habiller<\/h3>\n<p>\u00a0Le stricte n\u00e9cessaire pour 4 \u00e0 5 jours. Du chaud car on est en avril, une cape car mars a du retard. Un tube de lessive \u00e0 la main pour rester propre malgr\u00e9 tout.<\/p>\n<h3>Un peu de technologie<\/h3>\n<p>D&rsquo;abord quelques appareils indispensables:<\/p>\n<ul>\n<li><strong>Appareil photo<\/strong>: Celui de madame et celui de monsieur pour les souvenirs.<\/li>\n<li><strong>GPS de rando<\/strong>: Garmin Dakota 20. Difficile de se perdre quand on suit les chemins de halage mais n\u00e9cessaire pour les tron\u00e7ons \u00ab\u00a0hors pistes\u00a0\u00bb. R\u00e9cup\u00e9ration des traces et g\u00e9olocalisation des photos.<\/li>\n<li><strong>Smartphone<\/strong>: Samsung Ace. Je n&rsquo;ai jamais \u00e9t\u00e9 un adepte du mobile, mais l\u00e0, je dois reconnaitre que pour cette activit\u00e9, la combinaison d&rsquo;un GPS, d&rsquo;un acc\u00e8s r\u00e9seau (3G ou Wifi) et la multitude des applications disponibles en fait un outil incontournable. Application Pages jaunes, Gites de France, Maps, Campings&#8230; pour se rep\u00e9rer et trouver un h\u00e9bergement ou commerce, acc\u00e8s internet, mail, radio pour connaitre notre futur nouveau Pr\u00e9sident, musique pour les journ\u00e9es pluvieuses&#8230;&#8230;.<\/li>\n<\/ul>\n<p>et le superflu: un netbook asus (1,2kg) pour maintenir ce blog pendant la rando.<\/p>\n<p><img loading=\"lazy\" decoding=\"async\" class=\"size-full wp-image-85 alignright\" title=\"energie\" src=\"\/wp-content\/uploads\/energie1.jpg\" alt=\"\" width=\"448\" height=\"317\" srcset=\"https:\/\/touraplat.velocanauxdodo.fr\/wp-content\/uploads\/energie1.jpg 448w, https:\/\/touraplat.velocanauxdodo.fr\/wp-content\/uploads\/energie1-300x212.jpg 300w\" sizes=\"auto, (max-width: 448px) 100vw, 448px\" \/>Tous ces appareils on bien s\u00fbr besoin d&rsquo;\u00e9l\u00e9ctricit\u00e9 pour fonctionner ou pour recharger les batteries. Le portable, trop gourmand sera utilis\u00e9 quand je disposerai du r\u00e9seau \u00e9lectrique (et internet). Pour le petit mat\u00e9riel on a la chance maintenant (merci l&rsquo;Europe) de b\u00e9n\u00e9ficier de la standardisation USB pour l&rsquo;alimentation. Si les cables sont souvent diff\u00e9rents, on peut n\u00e9anmoins se d\u00e9gager des alims lourdes et propres \u00e0 chaque mat\u00e9riel. Donc, 2 modes d&rsquo;alimentation: pour les soir\u00e9es civilis\u00e9es, un adaptateur secteur\/USB et pour l&rsquo;ind\u00e9pendance \u00e9nerg\u00e9tique, une dynamo dans le moyeu (Simano DH-3N80) + r\u00e9gulateur et batterie tampon (e-Werk). La possibilit\u00e9 de brancher en entr\u00e9e du r\u00e9gulateur une autre source d&rsquo;\u00e9nergie comme panneau solaire SILVA Solar II (4,75W) ou \u00e9quivalent.<\/p>\n","protected":false},"excerpt":{"rendered":"<p>Faut pas se charger inutilement! L&rsquo;important, quand on part pour un long p\u00e9riple, est de rationnaliser son bagage et d&rsquo;optimiser ses \u00e9quipements. Pour rouler \u00a0Des v\u00e9los tout \u00e0 fait ordinaires: VTT Rockrider suspendu \u00e0 l&rsquo;avant pour \u2642 et Decathlon 7 suspendu total pour \u2640. Il est prudent avant de partir de faire une r\u00e9vison appronfondie [&hellip;]<\/p>\n","protected":false},"author":1,"featured_media":0,"parent":946,"menu_order":0,"comment_status":"open","ping_status":"closed","template":"","meta":{"ngg_post_thumbnail":0,"footnotes":""},"class_list":["post-69","page","type-page","status-publish","hentry"],"_links":{"self":[{"href":"https:\/\/touraplat.velocanauxdodo.fr\/index.php?rest_route=\/wp\/v2\/pages\/69","targetHints":{"allow":["GET"]}}],"collection":[{"href":"https:\/\/touraplat.velocanauxdodo.fr\/index.php?rest_route=\/wp\/v2\/pages"}],"about":[{"href":"https:\/\/touraplat.velocanauxdodo.fr\/index.php?rest_route=\/wp\/v2\/types\/page"}],"author":[{"embeddable":true,"href":"https:\/\/touraplat.velocanauxdodo.fr\/index.php?rest_route=\/wp\/v2\/users\/1"}],"replies":[{"embeddable":true,"href":"https:\/\/touraplat.velocanauxdodo.fr\/index.php?rest_route=%2Fwp%2Fv2%2Fcomments&post=69"}],"version-history":[{"count":19,"href":"https:\/\/touraplat.velocanauxdodo.fr\/index.php?rest_route=\/wp\/v2\/pages\/69\/revisions"}],"predecessor-version":[{"id":76,"href":"https:\/\/touraplat.velocanauxdodo.fr\/index.php?rest_route=\/wp\/v2\/pages\/69\/revisions\/76"}],"up":[{"embeddable":true,"href":"https:\/\/touraplat.velocanauxdodo.fr\/index.php?rest_route=\/wp\/v2\/pages\/946"}],"wp:attachment":[{"href":"https:\/\/touraplat.velocanauxdodo.fr\/index.php?rest_route=%2Fwp%2Fv2%2Fmedia&parent=69"}],"curies":[{"name":"wp","href":"https:\/\/api.w.org\/{rel}","templated":true}]}}