{"id":38,"date":"2011-11-14T17:16:03","date_gmt":"2011-11-14T16:16:03","guid":{"rendered":"http:\/\/touraplat.velocanauxdodo.fr\/?page_id=38"},"modified":"2015-04-01T20:38:00","modified_gmt":"2015-04-01T19:38:00","slug":"accompagnateurs","status":"publish","type":"page","link":"https:\/\/touraplat.velocanauxdodo.fr\/?page_id=38","title":{"rendered":"Accompagnateurs"},"content":{"rendered":"<p>Vous voulez \u00ab\u00a0faire un bout de chemin avec nous\u00a0\u00bb? Vous pouvez rouler avec nous, nous offrir un verre, nous proposer votre gite&#8230;.. ou simplement nous encourager alors envoyez nous le formulaire ci dessous:<em> (il n&rsquo;y a pas toujours le message de confirmation d&rsquo;envoi, mais \u00e7a marche!!!)<\/em><\/p>\n\n<div class=\"wpcf7 no-js\" id=\"wpcf7-f125-o1\" lang=\"en-US\" dir=\"ltr\" data-wpcf7-id=\"125\">\n<div class=\"screen-reader-response\"><p role=\"status\" aria-live=\"polite\" aria-atomic=\"true\"><\/p> <ul><\/ul><\/div>\n<form action=\"\/index.php?rest_route=%2Fwp%2Fv2%2Fpages%2F38#wpcf7-f125-o1\" method=\"post\" class=\"wpcf7-form init\" aria-label=\"Contact form\" novalidate=\"novalidate\" data-status=\"init\">\n<div style=\"display: none;\">\n<input type=\"hidden\" name=\"_wpcf7\" value=\"125\" \/>\n<input type=\"hidden\" name=\"_wpcf7_version\" value=\"6.0\" \/>\n<input type=\"hidden\" name=\"_wpcf7_locale\" value=\"en_US\" \/>\n<input type=\"hidden\" name=\"_wpcf7_unit_tag\" value=\"wpcf7-f125-o1\" \/>\n<input type=\"hidden\" name=\"_wpcf7_container_post\" value=\"0\" \/>\n<input type=\"hidden\" name=\"_wpcf7_posted_data_hash\" value=\"\" \/>\n<\/div>\n<p>Proposition d'accompagnement\n<\/p>\n<p><span class=\"wpcf7-form-control-wrap\" data-name=\"menu-25\"><select class=\"wpcf7-form-control wpcf7-select wpcf7-validates-as-required\" aria-required=\"true\" aria-invalid=\"false\" multiple=\"multiple\" name=\"menu-25[]\"><option value=\"\">&#8212;Please choose an option&#8212;<\/option><option value=\"Vous ne savez pas ou dormir?\">Vous ne savez pas ou dormir?<\/option><option value=\"On roule avec vous\">On roule avec vous<\/option><option value=\"Venez boire un verre\">Venez boire un verre<\/option><option value=\"Un petir creux?\">Un petir creux?<\/option><option value=\"Un tour en bateau!\">Un tour en bateau!<\/option><option value=\"Encouragement\">Encouragement<\/option><\/select><\/span>\n<\/p>\n<p>R\u00e9gion\n<\/p>\n<p><span class=\"wpcf7-form-control-wrap\" data-name=\"menu-723\"><select class=\"wpcf7-form-control wpcf7-select wpcf7-validates-as-required\" aria-required=\"true\" aria-invalid=\"false\" name=\"menu-723\"><option value=\"Seine\">Seine<\/option><option value=\"Canal du Loing\">Canal du Loing<\/option><option value=\"Canal d&#039;Orl\u00e9ans\">Canal d&#039;Orl\u00e9ans<\/option><option value=\"Loire\">Loire<\/option><option value=\"Litoral atlantique\">Litoral atlantique<\/option><option value=\"Landes\">Landes<\/option><option value=\"Canal lat\u00e9ral de la Garonne\">Canal lat\u00e9ral de la Garonne<\/option><option value=\"Canal du Midi\">Canal du Midi<\/option><option value=\"Canal du Rh\u00f4ne \u00e0 S\u00e8te\">Canal du Rh\u00f4ne \u00e0 S\u00e8te<\/option><option value=\"Vall\u00e9e du Rh\u00f4ne\">Vall\u00e9e du Rh\u00f4ne<\/option><option value=\"Sa\u00f4ne\">Sa\u00f4ne<\/option><option value=\"Canal du Centre\">Canal du Centre<\/option><option value=\"Canal lat\u00e9ral de le Loire\">Canal lat\u00e9ral de le Loire<\/option><option value=\"Canal du Nivernais\">Canal du Nivernais<\/option><option value=\"Yonne\">Yonne<\/option><\/select><\/span>\n<\/p>\n<p>Votre nom (obligatoire)\n<\/p>\n<p><span class=\"wpcf7-form-control-wrap\" data-name=\"your-name\"><input size=\"40\" maxlength=\"400\" class=\"wpcf7-form-control wpcf7-text wpcf7-validates-as-required\" aria-required=\"true\" aria-invalid=\"false\" value=\"\" type=\"text\" name=\"your-name\" \/><\/span>\n<\/p>\n<p>Votre email (obligatoire)\n<\/p>\n<p><span class=\"wpcf7-form-control-wrap\" data-name=\"your-email\"><input size=\"40\" maxlength=\"400\" class=\"wpcf7-form-control wpcf7-email wpcf7-validates-as-required wpcf7-text wpcf7-validates-as-email\" aria-required=\"true\" aria-invalid=\"false\" value=\"\" type=\"email\" name=\"your-email\" \/><\/span>\n<\/p>\n<p>Votre message\n<\/p>\n<p><span class=\"wpcf7-form-control-wrap\" data-name=\"your-message\"><textarea cols=\"50\" rows=\"3\" maxlength=\"2000\" class=\"wpcf7-form-control wpcf7-textarea\" aria-invalid=\"false\" name=\"your-message\"><\/textarea><\/span>\n<\/p>\n<p><input type=\"hidden\" name=\"_wpcf7_captcha_challenge_captcha-758\" value=\"4070488873\" \/><img loading=\"lazy\" decoding=\"async\" class=\"wpcf7-form-control wpcf7-captchac wpcf7-captcha-captcha-758\" width=\"72\" height=\"24\" alt=\"captcha\" src=\"https:\/\/touraplat.velocanauxdodo.fr\/wp-content\/uploads\/wpcf7_captcha\/4070488873.png\" \/> Copier ici -> <span class=\"wpcf7-form-control-wrap\" data-name=\"captcha-758\"><input size=\"6\" maxlength=\"10\" class=\"wpcf7-form-control wpcf7-captchar\" autocomplete=\"off\" aria-invalid=\"false\" value=\"\" type=\"text\" name=\"captcha-758\" \/><\/span> et <input class=\"wpcf7-form-control wpcf7-submit has-spinner\" type=\"submit\" value=\"Envoyer\" \/>\n<\/p><p style=\"display: none !important;\" class=\"akismet-fields-container\" data-prefix=\"_wpcf7_ak_\"><label>&#916;<textarea name=\"_wpcf7_ak_hp_textarea\" cols=\"45\" rows=\"8\" maxlength=\"100\"><\/textarea><\/label><input type=\"hidden\" id=\"ak_js_1\" name=\"_wpcf7_ak_js\" value=\"177\"\/><script>document.getElementById( \"ak_js_1\" ).setAttribute( \"value\", ( new Date() ).getTime() );<\/script><\/p><div class=\"wpcf7-response-output\" aria-hidden=\"true\"><\/div>\n<\/form>\n<\/div>\n\n<h2>Un petit creux!<\/h2>\n<ul>\n<li>Merci \u00e0 la boulangerie <strong>Jamet<\/strong> (All\u00e9e A. Thomas \u00e0 Massy) de nous offrir les croissants pour notre d\u00e9part. (Les meilleurs croissants de Massy et peut \u00eatre bien du monde!).<\/li>\n<\/ul>\n<h2>Vous ne savez pas ou dormir?<\/h2>\n<ul>\n<li>Chez <strong>Manette<\/strong> \u00e0 Nantes vers le 25\/26 avril. Merci Manette.<\/li>\n<li>De: <strong>Bernardin<\/strong>:\u00a0 Nous serons \u00e0 St Gilles entre les deux tours des pr\u00e9sidentielles et d&rsquo;apr\u00e8s votre planning vous devez y passer pendant cette p\u00e9riode. Vous aurez sans doute besoin d&rsquo;\u00eatre requinqu\u00e9 par quelques hu\u00eetres et verres de muscadet. Une bonne douche et un bon lit rajouteront \u00e0 votre bonheur. On vous y attend. On pourra m\u00eame faire quelques kilom\u00e8tres avec vous en direction des Sables. Bises. Celia &amp; Philippe.<\/li>\n<\/ul>\n<h2>On roule avec vous<\/h2>\n<ul>\n<li>Les\u00a0<strong>Meunier<\/strong> sur le canal du midi de Toulouse \u00e0 Agde.<\/li>\n<\/ul>\n<blockquote><p>Vous part\u00eetes \u00e0 deux de Massy,<\/p>\n<p>mais par un prompt renfort,<\/p>\n<p>nous nous retrouv\u00e2mes \u00e0 quatre sur le canal du midi, mais c&rsquo;est \u00e0 (sept)que nous vous laisserons poursuivre votre route.<\/p>\n<p>Peut \u00eatre les derni\u00e8res consignes du nain hargneux ? &#8230;.<\/p>\n<p>-P\u00e9daler plus pour aller plus vite.<\/p>\n<p>-P\u00e9daler plus long temps pour aller plus loin.<\/p>\n<p>-Se serrer la ceinture pour \u00eatre plus l\u00e9ger.<\/p>\n<p>Fran\u00e7oise et G\u00e9rard<\/p><\/blockquote>\n<h2>Encouragements<\/h2>\n<ul>\n<li>De : <strong>Jacquemard <\/strong>: Dommage!..de ne pas pouvoir vous accompagner mais nous serons 2 \u00e0 suivre votre trace en cyclo-camping\u00a0 sur un parcours \u00e0 peu pr\u00e8s identique en partant de lyon,roanne ..la loire etc.Nous pousserons jusqu&rsquo;\u00e0 Arcachon .D\u00e9part pr\u00e9vu le 19\/08\/12.Nous avions l&rsquo;intention de remonter, en partie,la vall\u00e9e du rh\u00f4ne en p\u00e9niche -stop \u00e9galement pour \u00e9viter la N88 ,mais \u00e0 ce jour aucune solution a \u00e9t\u00e9 trouv\u00e9e ,\u00e0 part le train.Nous avons pratiqu\u00e9 Orl\u00e9ans-le croisic et le canal du midi Toulouse-B\u00e9zier et bien d&rsquo;autres.Nous serons attentifs \u00e0 votre blog surtout \u00e0 votre embarquement \u00e0 Beaucaire!.Nous craignons de ne pas \u00eatre \u00e0 lyon \u00e0 la date de votre passage.Dans tous les cas,nous vous souhaitons bonne route<\/li>\n<li>De : <strong>Rapha\u00ebl DA COSTA<\/strong>: Voil\u00e0, un petit mail pour vous encourager, je trouve que c&rsquo;est vraiment super d&rsquo;organiser \u00e7a, j&rsquo;esp\u00e8re que vous aurez pas trop d&rsquo;al\u00e9as sur le chemin ! Je voulais \u00e9galement vous f\u00e9liciter pour le site v\u00e9lo canaux dodo qui donne des supers id\u00e9es de ballade. Je suis moi-m\u00eame adepte de randos v\u00e9lo, nous avons d\u00e9j\u00e0 fait le canal de l&rsquo;Ourcq, une partie de la Loire &#8230; d&rsquo;ailleurs nous partons ce week-end pour faire Gien-Orl\u00e9ans ! Et puis comme par co\u00efncidence, j&rsquo;ai d\u00e9couvert qu&rsquo;on \u00e9tait voisins, j&rsquo;habite moi-m\u00eame \u00e0 Antony, dans le quartier Fontaine Michalon, en tout cas encore bravo pour cette volont\u00e9 de faire d\u00e9couvrir les ballades sous un autre angle.<\/li>\n<\/ul>\n","protected":false},"excerpt":{"rendered":"<p>Vous voulez \u00ab\u00a0faire un bout de chemin avec nous\u00a0\u00bb? Vous pouvez rouler avec nous, nous offrir un verre, nous proposer votre gite&#8230;.. ou simplement nous encourager alors envoyez nous le formulaire ci dessous: (il n&rsquo;y a pas toujours le message de confirmation d&rsquo;envoi, mais \u00e7a marche!!!) Un petit creux! Merci \u00e0 la boulangerie Jamet (All\u00e9e [&hellip;]<\/p>\n","protected":false},"author":1,"featured_media":0,"parent":946,"menu_order":0,"comment_status":"closed","ping_status":"closed","template":"","meta":{"ngg_post_thumbnail":0,"footnotes":""},"class_list":["post-38","page","type-page","status-publish","hentry"],"_links":{"self":[{"href":"https:\/\/touraplat.velocanauxdodo.fr\/index.php?rest_route=\/wp\/v2\/pages\/38","targetHints":{"allow":["GET"]}}],"collection":[{"href":"https:\/\/touraplat.velocanauxdodo.fr\/index.php?rest_route=\/wp\/v2\/pages"}],"about":[{"href":"https:\/\/touraplat.velocanauxdodo.fr\/index.php?rest_route=\/wp\/v2\/types\/page"}],"author":[{"embeddable":true,"href":"https:\/\/touraplat.velocanauxdodo.fr\/index.php?rest_route=\/wp\/v2\/users\/1"}],"replies":[{"embeddable":true,"href":"https:\/\/touraplat.velocanauxdodo.fr\/index.php?rest_route=%2Fwp%2Fv2%2Fcomments&post=38"}],"version-history":[{"count":25,"href":"https:\/\/touraplat.velocanauxdodo.fr\/index.php?rest_route=\/wp\/v2\/pages\/38\/revisions"}],"predecessor-version":[{"id":909,"href":"https:\/\/touraplat.velocanauxdodo.fr\/index.php?rest_route=\/wp\/v2\/pages\/38\/revisions\/909"}],"up":[{"embeddable":true,"href":"https:\/\/touraplat.velocanauxdodo.fr\/index.php?rest_route=\/wp\/v2\/pages\/946"}],"wp:attachment":[{"href":"https:\/\/touraplat.velocanauxdodo.fr\/index.php?rest_route=%2Fwp%2Fv2%2Fmedia&parent=38"}],"curies":[{"name":"wp","href":"https:\/\/api.w.org\/{rel}","templated":true}]}}