{"id":30,"date":"2012-02-01T10:55:29","date_gmt":"2012-02-01T09:55:29","guid":{"rendered":"http:\/\/touraplat.velocanauxdodo.fr\/?page_id=30"},"modified":"2015-04-01T20:38:25","modified_gmt":"2015-04-01T19:38:25","slug":"motivations","status":"publish","type":"page","link":"https:\/\/touraplat.velocanauxdodo.fr\/?page_id=30","title":{"rendered":"Motivations"},"content":{"rendered":"<p>Nous atteignons la soixantaine et donc l&rsquo;age de la retraite. M\u00eame si les plans de rigueur successifs m&rsquo;en ont coll\u00e9 pour 9 mois de plus, je suis toujours programm\u00e9 pour raccrocher en mai 2012. Cette p\u00e9riode est l&rsquo;occasion pour beaucoup de nourrir quelques projets de voyages culturels autour du monde ou spirituels vers St jacques de Compostelle. D&rsquo;autres changent de vie et partent retrouver leurs racines dans leur province ou pays d&rsquo;origine. Notre choix \u00e9tait donc de partir pour accomplir une action originale et inoubliable.<\/p>\n<p>Voil\u00e0 quelques ann\u00e9es que nous parcourons les chemins de halage en v\u00e9lo. Cela nous a permis de d\u00e9couvrir des r\u00e9gions inconnues: Mayenne, Lorraine par exemple, vers lesquelles nous ne serions jamais all\u00e9 que ce soit en voiture ou \u00e0 pied (on marche aussi!). A l&rsquo;occasion de nos p\u00e9riples, nous avons rencontr\u00e9 des gens formidables: des agriculteurs qui survivent avec quelques\u00a0chambres d&rsquo;hotes, des \u00e9clusiers qui entretiennent avec amour leur petite maison et ses abords, des mariniers qui eux aussi survivent \u00a0en accomplissant un m\u00e9tier tellement al\u00e9atoire, des touristes aussi, en bateau, \u00e0 v\u00e9lo, en ane\u00a0ou \u00e0 pied qui contribuent \u00e0 sauvegarder ces merveilles que sont les voies d&rsquo;eau. Nous avons aussi red\u00e9couvert le commerce local, moribond faute d&rsquo;habitants et de client, un patrimoine culturel extraordinaire\u00a0mais d\u00e9laiss\u00e9, ouvert quelques semaines en \u00e9t\u00e9 ou m\u00eame parfois le seul jour des\u00a0\u00bb journ\u00e9es du patrimoine\u00a0\u00bb ! Nous avons retrouv\u00e9 la France quoi! la vraie, celle qui vit et bosse pour soi, pas celle des multinationales, des centres commerciaux et des parcs de loisir,&#8230; qui nous asservissent et se goinfrent sur notre dos. Et puis, \u00e0 60 ans, on est encore dynamique et on dispose (quand la maison est pay\u00e9e et les enfants cas\u00e9s) d&rsquo;une certaine aisance financi\u00e8re. On aurait tr\u00e8s bien pu d\u00e9cider d&rsquo;aller s&rsquo;installer quelques mois sous les cocotiers au bord d&rsquo;un lagon. Qu&rsquo;elle id\u00e9e alors de p\u00e9daler 2500km\u00a0pendant 6 semaines et de\u00a0dormir sous la tente? Mon \u00e9pouse se pose d&rsquo;ailleurs toujours la question! C&rsquo;est donc aussi pour montrer qu&rsquo;on peut consommer autrement, que l&rsquo;\u00e9conomie, ce n&rsquo;est pas seulement la consommation de biens mat\u00e9riels mais qu&rsquo;on peut faire tourner la machine en consommant de la culture, du loisir, des produits et des services locaux.<\/p>\n<p>Partir donc, pour d\u00e9couvrir nos r\u00e9gions, en v\u00e9lo, a plat et en site \u00ab\u00a0propre\u00a0\u00bb.<\/p>\n","protected":false},"excerpt":{"rendered":"<p>Nous atteignons la soixantaine et donc l&rsquo;age de la retraite. M\u00eame si les plans de rigueur successifs m&rsquo;en ont coll\u00e9 pour 9 mois de plus, je suis toujours programm\u00e9 pour raccrocher en mai 2012. Cette p\u00e9riode est l&rsquo;occasion pour beaucoup de nourrir quelques projets de voyages culturels autour du monde ou spirituels vers St jacques [&hellip;]<\/p>\n","protected":false},"author":1,"featured_media":0,"parent":946,"menu_order":0,"comment_status":"open","ping_status":"closed","template":"","meta":{"ngg_post_thumbnail":0,"footnotes":""},"class_list":["post-30","page","type-page","status-publish","hentry"],"_links":{"self":[{"href":"https:\/\/touraplat.velocanauxdodo.fr\/index.php?rest_route=\/wp\/v2\/pages\/30","targetHints":{"allow":["GET"]}}],"collection":[{"href":"https:\/\/touraplat.velocanauxdodo.fr\/index.php?rest_route=\/wp\/v2\/pages"}],"about":[{"href":"https:\/\/touraplat.velocanauxdodo.fr\/index.php?rest_route=\/wp\/v2\/types\/page"}],"author":[{"embeddable":true,"href":"https:\/\/touraplat.velocanauxdodo.fr\/index.php?rest_route=\/wp\/v2\/users\/1"}],"replies":[{"embeddable":true,"href":"https:\/\/touraplat.velocanauxdodo.fr\/index.php?rest_route=%2Fwp%2Fv2%2Fcomments&post=30"}],"version-history":[{"count":8,"href":"https:\/\/touraplat.velocanauxdodo.fr\/index.php?rest_route=\/wp\/v2\/pages\/30\/revisions"}],"predecessor-version":[{"id":57,"href":"https:\/\/touraplat.velocanauxdodo.fr\/index.php?rest_route=\/wp\/v2\/pages\/30\/revisions\/57"}],"up":[{"embeddable":true,"href":"https:\/\/touraplat.velocanauxdodo.fr\/index.php?rest_route=\/wp\/v2\/pages\/946"}],"wp:attachment":[{"href":"https:\/\/touraplat.velocanauxdodo.fr\/index.php?rest_route=%2Fwp%2Fv2%2Fmedia&parent=30"}],"curies":[{"name":"wp","href":"https:\/\/api.w.org\/{rel}","templated":true}]}}