{"id":154,"date":"2012-04-13T15:29:16","date_gmt":"2012-04-13T14:29:16","guid":{"rendered":"http:\/\/touraplat.velocanauxdodo.fr\/?page_id=154"},"modified":"2015-04-01T20:43:28","modified_gmt":"2015-04-01T19:43:28","slug":"a-propos","status":"publish","type":"page","link":"https:\/\/touraplat.velocanauxdodo.fr\/?page_id=154","title":{"rendered":"A propos"},"content":{"rendered":"<p><img loading=\"lazy\" decoding=\"async\" class=\"alignright size-full wp-image-1425\" title=\"velocanauxdodo\" alt=\"velocanauxdodo\" src=\"http:\/\/www.velocanauxdodo.fr\/wp-content\/uploads\/velocanauxdodo.jpg\" width=\"307\" height=\"220\" \/>En application de la loi n\u00b0 2004-575 du 21 juin 2004 pour la confiance dans l\u2019\u00e9conomie num\u00e9rique, nous vous communiquons les informations suivantes :<\/p>\n<p><strong>Editeur du site :<\/strong><\/p>\n<p>Responsable de publication : Yves Pharipou<\/p>\n<p><strong>H\u00e9bergeur :<\/strong><\/p>\n<p><strong>OVH<\/strong><\/p>\n<p>2 rue Kellermann &#8211; 59100 Roubaix &#8211; France<\/p>\n<p>T\u00e9l\u00e9phone:\u00a00 820 32 03 63\u00a0\u00a0ou\u00a0\u00a0 09 72 34 76 41<\/p>\n<p>Fax :\u00a009 72 36 89 12<\/p>\n<p><a href=\"http:\/\/www.ovh.com\" target=\"_blank\">site<\/a><\/p>\n<p><strong>Mentions l\u00e9gales:<\/strong><\/p>\n<ul>\n<li>Les commentaires que l\u2019on peut trouver au pied des billets refl\u00e8tent uniquement l\u2019avis de leurs auteurs.<\/li>\n<li>Les commentaires sont mod\u00e9r\u00e9s a priori<\/li>\n<li>L&rsquo;ensemble des informations accessibles via ce site sont fournies en l&rsquo;\u00e9tat. L&rsquo;utilisateur est seul responsable de l&rsquo;utilisation de telles informations.<\/li>\n<li>Cr\u00e9dit photographies: Yves Pharipou<\/li>\n<li>Cr\u00e9dit illustrations: Chacha<\/li>\n<\/ul>\n","protected":false},"excerpt":{"rendered":"<p>En application de la loi n\u00b0 2004-575 du 21 juin 2004 pour la confiance dans l\u2019\u00e9conomie num\u00e9rique, nous vous communiquons les informations suivantes : Editeur du site : Responsable de publication : Yves Pharipou H\u00e9bergeur : OVH 2 rue Kellermann &#8211; 59100 Roubaix &#8211; France T\u00e9l\u00e9phone:\u00a00 820 32 03 63\u00a0\u00a0ou\u00a0\u00a0 09 72 34 76 41 [&hellip;]<\/p>\n","protected":false},"author":1,"featured_media":0,"parent":0,"menu_order":10,"comment_status":"open","ping_status":"closed","template":"","meta":{"ngg_post_thumbnail":0,"footnotes":""},"class_list":["post-154","page","type-page","status-publish","hentry"],"_links":{"self":[{"href":"https:\/\/touraplat.velocanauxdodo.fr\/index.php?rest_route=\/wp\/v2\/pages\/154","targetHints":{"allow":["GET"]}}],"collection":[{"href":"https:\/\/touraplat.velocanauxdodo.fr\/index.php?rest_route=\/wp\/v2\/pages"}],"about":[{"href":"https:\/\/touraplat.velocanauxdodo.fr\/index.php?rest_route=\/wp\/v2\/types\/page"}],"author":[{"embeddable":true,"href":"https:\/\/touraplat.velocanauxdodo.fr\/index.php?rest_route=\/wp\/v2\/users\/1"}],"replies":[{"embeddable":true,"href":"https:\/\/touraplat.velocanauxdodo.fr\/index.php?rest_route=%2Fwp%2Fv2%2Fcomments&post=154"}],"version-history":[{"count":6,"href":"https:\/\/touraplat.velocanauxdodo.fr\/index.php?rest_route=\/wp\/v2\/pages\/154\/revisions"}],"predecessor-version":[{"id":158,"href":"https:\/\/touraplat.velocanauxdodo.fr\/index.php?rest_route=\/wp\/v2\/pages\/154\/revisions\/158"}],"wp:attachment":[{"href":"https:\/\/touraplat.velocanauxdodo.fr\/index.php?rest_route=%2Fwp%2Fv2%2Fmedia&parent=154"}],"curies":[{"name":"wp","href":"https:\/\/api.w.org\/{rel}","templated":true}]}}