{"id":140,"date":"2012-04-11T05:54:34","date_gmt":"2012-04-11T04:54:34","guid":{"rendered":"http:\/\/touraplat.velocanauxdodo.fr\/?page_id=140"},"modified":"2017-02-17T07:56:25","modified_gmt":"2017-02-17T06:56:25","slug":"les-les","status":"publish","type":"page","link":"https:\/\/touraplat.velocanauxdodo.fr\/?page_id=140","title":{"rendered":"Les +, les &#8211;"},"content":{"rendered":"<p>7 mai: Je voulais dans cette page faire \u00e9tat des meilleurs h\u00e9bergements. Il se trouve qu&rsquo;apr\u00e8s 3 semaines, nous avons eu la chance, que ce soit en hotel, en chambre d&rsquo;hotes, en auberge de jeunesse&nbsp;ou en camping d&rsquo;\u00eatre merveilleusement accueillis. Je ne ferai donc ici mention que des canards boiteux et autres mauvais coucheurs (au propre comme au figur\u00e9) chez qui nous ne sommes pas all\u00e9.<\/p>\n<p>Les bons plans seront dans velocanauxdodo \u00e0 mon retour.<\/p>\n<h4>Les&nbsp;h\u00e9bergements les + nuls<\/h4>\n<ul>\n<li>l&rsquo;h\u00f4tel Marguerite \u00e0 Orl\u00e9ans, labellis\u00e9 \u00ab\u00a0Loire \u00e0 v\u00e9lo\u00a0\u00bb qui vous octroi royalement 48h de d\u00e9lai de r\u00e9tractation! et croit se garantir en vous demandant votre n\u00b0 de CB + date de validit\u00e9 mais <span style=\"text-decoration: underline;\">sans<\/span> le cryptogramme!<\/li>\n<li>Le centre de vacances du CAES du CNRS \u00ab\u00a0La vieille P\u00e9rotinne\u00a0\u00bb sur l&rsquo;ile d&rsquo;Ol\u00e9ron dont la charmante responsable de l&rsquo;h\u00e9bergement m&rsquo;a raccroch\u00e9 au nez alors que j&rsquo;avais envisag\u00e9 d&rsquo;y passer une nuit, parce que je n&rsquo;avais pas encore signal\u00e9 ma situation de presque retrait\u00e9! Moi qui y s\u00e9journe r\u00e9guli\u00e8rement depuis 30 ans.<\/li>\n<li>La chambre d&rsquo;h\u00f4tes \u00ab\u00a0La Mascotte\u00a0\u00bb \u00e0 Soulac qui ne fait pas de petits d\u00e9jeuner mais vous facture 5\u20ac pour la bouilloire pour vous le faire vous m\u00eame!<\/li>\n<li>Le CHM Montalivet (centre naturiste) qui ne loue ses chalets et bungalows que pour 2 nuits minimum. Gagnent trop d&rsquo;argent ces gens l\u00e0!<\/li>\n<li>Le camping \u00ab\u00a0Les foug\u00e8res\u00a0\u00bb \u00e0 Lacanau qui ne pend pas les tentes avant le 1er juin! Gagnent trop d&rsquo;argent ces gens l\u00e0!<\/li>\n<\/ul>\n","protected":false},"excerpt":{"rendered":"<p>7 mai: Je voulais dans cette page faire \u00e9tat des meilleurs h\u00e9bergements. Il se trouve qu&rsquo;apr\u00e8s 3 semaines, nous avons eu la chance, que ce soit en hotel, en chambre d&rsquo;hotes, en auberge de jeunesse&nbsp;ou en camping d&rsquo;\u00eatre merveilleusement accueillis. Je ne ferai donc ici mention que des canards boiteux et autres mauvais coucheurs (au [&hellip;]<\/p>\n","protected":false},"author":1,"featured_media":0,"parent":0,"menu_order":0,"comment_status":"closed","ping_status":"open","template":"","meta":{"ngg_post_thumbnail":0,"footnotes":""},"class_list":["post-140","page","type-page","status-publish","hentry"],"_links":{"self":[{"href":"https:\/\/touraplat.velocanauxdodo.fr\/index.php?rest_route=\/wp\/v2\/pages\/140","targetHints":{"allow":["GET"]}}],"collection":[{"href":"https:\/\/touraplat.velocanauxdodo.fr\/index.php?rest_route=\/wp\/v2\/pages"}],"about":[{"href":"https:\/\/touraplat.velocanauxdodo.fr\/index.php?rest_route=\/wp\/v2\/types\/page"}],"author":[{"embeddable":true,"href":"https:\/\/touraplat.velocanauxdodo.fr\/index.php?rest_route=\/wp\/v2\/users\/1"}],"replies":[{"embeddable":true,"href":"https:\/\/touraplat.velocanauxdodo.fr\/index.php?rest_route=%2Fwp%2Fv2%2Fcomments&post=140"}],"version-history":[{"count":8,"href":"https:\/\/touraplat.velocanauxdodo.fr\/index.php?rest_route=\/wp\/v2\/pages\/140\/revisions"}],"predecessor-version":[{"id":1005,"href":"https:\/\/touraplat.velocanauxdodo.fr\/index.php?rest_route=\/wp\/v2\/pages\/140\/revisions\/1005"}],"wp:attachment":[{"href":"https:\/\/touraplat.velocanauxdodo.fr\/index.php?rest_route=%2Fwp%2Fv2%2Fmedia&parent=140"}],"curies":[{"name":"wp","href":"https:\/\/api.w.org\/{rel}","templated":true}]}}