

{"id":2,"date":"2011-11-07T12:53:21","date_gmt":"2011-11-07T11:53:21","guid":{"rendered":"http:\/\/exgite.free.fr\/?page_id=2"},"modified":"2024-11-25T08:45:46","modified_gmt":"2024-11-25T07:45:46","slug":"page-d-exemple","status":"publish","type":"page","link":"http:\/\/touraplat.velocanauxdodo.fr\/?page_id=2","title":{"rendered":"Le parcours"},"content":{"rendered":"\n\n\t\t\t\t<div id=\"map_ol3js_1\" class=\"map undefined\" data-map_name=\"undefined\" data-map=\"map_ol3js_1\" style=\"width:100%; max-width:100%; height:850px; display:block; overflow:hidden;border:2px solid grey;\" >\n\t\t\t\t  <div id=\"map_ol3js_1_popup\" class=\"ol-popup\" >\n\t\t\t\t\t<a href=\"#\" id=\"map_ol3js_1_popup-closer\" class=\"ol-popup-closer\"><\/a>\n\t\t\t\t\t<div id=\"map_ol3js_1_popup-content\" ><\/div>\n\t\t\t\t  <\/div>\n\t\t\t\t<\/div>\n\t\t\t\n\n\t\t\t\t<script type=\"text\/javascript\">\n\t\t\t\t\ttranslations['openlayer'] = \"open layer\";\n\t\t\t\t\ttranslations['openlayerAtStartup'] = \"open layer at startup\";\n\t\t\t\t\ttranslations['generateLink'] = \"link to this map with opened layers\";\n\t\t\t\t\ttranslations['shortDescription'] = \"short description\";\n\t\t\t\t\ttranslations['generatedShortCode'] = \"to get a text control link paste this code in your wordpress editor\";\n\t\t\t\t\ttranslations['closeLayer'] = \"close layer\";\n\t\t\t\t\ttranslations['cantGenerateLink'] = \"put this string in the existing map short code to control this map\";\n\t\t\t  <\/script>\n\n\n\t\t\t  <script type=\"text\/javascript\">\n\t\t\t  vectorM['map_ol3js_1'] = [];\n\t        \n        var raster = getTileLayer(\"osm\",\"NoKey\");\t\t\t\n\n\t\t\t  var map_ol3js_1 = new ol.Map({\n\t\t\t\tinteractions: ol.interaction.defaults.defaults({mouseWheelZoom:false}),\n\t\t\t\tlayers: [raster],\n\t\t\t\ttarget: \"map_ol3js_1\",\n\t\t\t\tview: new ol.View({\n\t\t\t\t  center: ol.proj.transform([1.979,46.400], \"EPSG:4326\", \"EPSG:3857\"),\n\t\t\t\t  zoom: 6.4\n\t\t\t\t})\n\t\t\t  });\n\t\t\t  \n    var style0 = {\n      \"Point\": [new ol.style.Style({\n\n          image: new ol.style.Icon({\n            anchor: [0.5, 41],\n            anchorXUnits: \"fraction\",\n            anchorYUnits: \"pixels\",\n            opacity: 0.75,\n            src: \"http:\/\/touraplat.velocanauxdodo.fr\/wp-content\/plugins\/osm\/icons\/mic_blue_pinother_02.png\"\n          })\n      })],\n\n      \"LineString\": [new ol.style.Style({\n        stroke: new ol.style.Stroke({\n          color: \"blue\",\n          width: 8\n        })\n      })],\n      \"MultiLineString\": [new ol.style.Style({\n        stroke: new ol.style.Stroke({\n          color: \"blue\",\n          width: 4\n        })\n      })]\n    };\n\t\t  vectorL0 = new ol.layer.Vector({\n\n\t\t\tsource: new ol.source.Vector({\n\t\t  url:\"..\/..\/..\/..\/wp-content\/gpstraces\/tour2.kml\",\n\t\t\t  format: new ol.format.KML({ showPointNames: false})\n\t\t\t}),\n         zIndex: 92\n\t\t  });map_ol3js_1.addLayer(vectorL0);addControls2Map(map_ol3js_1,1,0,3,1,5,6,7,1,1);\nosm_addPopupClickhandler(map_ol3js_1,  \"map_ol3js_1\"); \nosm_addMouseHover(map_ol3js_1); <\/script>\n<p>Uu peu plus de 2700km quand m\u00eame!<\/p>\n<ul>\n<li>D\u00e9part de Massy en auto jusqu&rsquo;\u00e0 Melun (16 avril)<\/li>\n<li>Melun&nbsp;\u00e0 Moret-sur-Loing le long de la Seine (16 avril)<\/li>\n<li>Moret-sur-Loing jusqu&rsquo;\u00e0 Orl\u00e9ans par les halages du Loing et du canal d&rsquo;Orl\u00e9ans (17-19 avril)<\/li>\n<li>La voie verte de la Loire \u00e0 v\u00e9lo jusqu&rsquo;\u00e0 St Nazaire (20-26 avril)<\/li>\n<li>Les voies vertes et v\u00e9loroutes de la c\u00f4te Ouest jusqu&rsquo;\u00e0 Bordeaux (27 avril-4 mai)<\/li>\n<li>La Voie Verte Roger Lap\u00e9bie de Bordeaux \u00e0 La R\u00e9ole (5-6 mai)<\/li>\n<li>Le halage du canal lat\u00e9ral de la Garonne jusqu&rsquo;\u00e0 Toulouse (7 &#8211; 10 mai)<\/li>\n<li>Le canal du midi jusqu&rsquo;\u00e0 S\u00e8te (11-15 mai)<\/li>\n<li>Halte \u00e0 Castelnau-de-Guers, cure de vin, repos de 2 jours et madame remonte \u00e0 la maison avec les copains.<\/li>\n<li>Le halage du canal du Rh\u00f4ne \u00e0 S\u00e8te jusqu&rsquo;\u00e0 Beaucaire (18-19 mai)<\/li>\n<li>Le Rh\u00f4ne jusqu&rsquo;\u00e0 Valence en p\u00e9nich&rsquo;stop : am\u00e9nagement Via Rhona en projet(19-20 mai)<\/li>\n<li>De Valence \u00e0 Lyon sur la Via Rhona am\u00e9nag\u00e9e en partie. (21-22 mai)<\/li>\n<li>De Lyon \u00e0 Chalons le long de la Sa\u00f4ne (23-25 mai)<\/li>\n<li>De Chalons \u00e0 Digoin par le halage du canal du centre (26-27 mai)<\/li>\n<li>Le halage du canal lat\u00e9ral de la Loire jusqu&rsquo;\u00e0 Decize (28-29 mai)<\/li>\n<li>De Decize \u00e0 Migennes par le halage du Nivernais (29mai-1er juin)<\/li>\n<li>De Migennes \u00e0 Montereau le long de l&rsquo;Yonne (2-3 juin)<\/li>\n<li>Montereau \u00e0 Bois-le-Roi le long de la Seine (4 juin)<\/li>\n<li>Bois-le-Roi \u00e0&nbsp;Evry en P\u00e9nich&rsquo;stop et retour \u00e0 Massy par les pistes cyclables (5 juin)<\/li>\n<\/ul>\n","protected":false},"excerpt":{"rendered":"<p>Uu peu plus de 2700km quand m\u00eame! D\u00e9part de Massy en auto jusqu&rsquo;\u00e0 Melun (16 avril) Melun&nbsp;\u00e0 Moret-sur-Loing le long de la Seine (16 avril) Moret-sur-Loing jusqu&rsquo;\u00e0 Orl\u00e9ans par les halages du Loing et du canal d&rsquo;Orl\u00e9ans (17-19 avril) La voie verte de la Loire \u00e0 v\u00e9lo jusqu&rsquo;\u00e0 St Nazaire (20-26 avril) Les voies vertes [&hellip;]<\/p>\n","protected":false},"author":1,"featured_media":0,"parent":946,"menu_order":0,"comment_status":"open","ping_status":"closed","template":"","meta":{"ngg_post_thumbnail":0,"footnotes":""},"class_list":["post-2","page","type-page","status-publish","hentry"],"_links":{"self":[{"href":"http:\/\/touraplat.velocanauxdodo.fr\/index.php?rest_route=\/wp\/v2\/pages\/2","targetHints":{"allow":["GET"]}}],"collection":[{"href":"http:\/\/touraplat.velocanauxdodo.fr\/index.php?rest_route=\/wp\/v2\/pages"}],"about":[{"href":"http:\/\/touraplat.velocanauxdodo.fr\/index.php?rest_route=\/wp\/v2\/types\/page"}],"author":[{"embeddable":true,"href":"http:\/\/touraplat.velocanauxdodo.fr\/index.php?rest_route=\/wp\/v2\/users\/1"}],"replies":[{"embeddable":true,"href":"http:\/\/touraplat.velocanauxdodo.fr\/index.php?rest_route=%2Fwp%2Fv2%2Fcomments&post=2"}],"version-history":[{"count":26,"href":"http:\/\/touraplat.velocanauxdodo.fr\/index.php?rest_route=\/wp\/v2\/pages\/2\/revisions"}],"predecessor-version":[{"id":1012,"href":"http:\/\/touraplat.velocanauxdodo.fr\/index.php?rest_route=\/wp\/v2\/pages\/2\/revisions\/1012"}],"up":[{"embeddable":true,"href":"http:\/\/touraplat.velocanauxdodo.fr\/index.php?rest_route=\/wp\/v2\/pages\/946"}],"wp:attachment":[{"href":"http:\/\/touraplat.velocanauxdodo.fr\/index.php?rest_route=%2Fwp%2Fv2%2Fmedia&parent=2"}],"curies":[{"name":"wp","href":"https:\/\/api.w.org\/{rel}","templated":true}]}}